{"id":15,"date":"2023-06-16T20:02:12","date_gmt":"2023-06-16T18:02:12","guid":{"rendered":"https:\/\/cristinaecija.cat\/aviso-legal\/"},"modified":"2023-11-21T08:54:32","modified_gmt":"2023-11-21T07:54:32","slug":"avis-legal","status":"publish","type":"page","link":"https:\/\/cristinaecija.cat\/es\/avis-legal\/","title":{"rendered":"Legal"},"content":{"rendered":"<h2><strong>Identificaci\u00f3 i titularitat<\/strong><\/h2>\n<p>En compliment de l&#8217;article 10 de la Llei 34\/2002, del 11 de juliol, de Serveis de la Societat de la Informaci\u00f3 i Comer\u00e7 Electr\u00f2nic, el Titular exposa les seves dades identificatives:<\/p>\n<ul>\n<li><b>Titular:<\/b>\u00a0 CRISTINA ECIJA MU\u00d1OZ.<\/li>\n<li><b>NIF:<\/b>\u00a044001599T<\/li>\n<li><b>Domicili:<\/b>\u00a0 C\/ DALIA, 12 \u00b7 08460 SANTA MAR\u00cdA DE PALAUTORDERA, Barcelona &#8211; Espa\u00f1a.<\/li>\n<li><b>Correo electr\u00f2nic:<\/b>\u00a0 info@cristinaecija.cat<\/li>\n<li><b>Lloc Web:<\/b>\u00a0\u00a0<a href=\"https:\/\/cristinaecija.cat\/\">https:\/\/cristinaecija.cat<\/a><\/li>\n<\/ul>\n<h2><strong>Finalitat<\/strong><\/h2>\n<p>La finalitat del Lloc Web \u00e9s: Disseny Web, SEO, SEO Local i M\u00e0rqueting Digital.<\/p>\n<h2><strong>Condicions d&#8217;\u00fas<\/strong><\/h2>\n<p>L&#8217;\u00fas del Lloc Web li atorga la condici\u00f3 d&#8217;Usuari, i implica l&#8217;acceptaci\u00f3 completa de totes les cl\u00e0usules i condicions d&#8217;\u00fas incloses a les p\u00e0gines:<\/p>\n<ul>\n<li><a href=\"https:\/\/cristinaecija.cat\/avis-legal\/\">Av\u00eds Legal<\/a><\/li>\n<li><a href=\"https:\/\/cristinaecija.cat\/politica-de-privacitat\/\">Pol\u00edtica de Privacitat<\/a><\/li>\n<li><a href=\"https:\/\/cristinaecija.cat\/politica-de-cookies\/\">Pol\u00edtica de Cookies<\/a><\/li>\n<\/ul>\n<p>Si no estigu\u00e9s conforme amb cadascuna d&#8217;aquestes cl\u00e0usules i condicions, abstingui&#8217;s d&#8217;utilitzar el Lloc Web.<\/p>\n<p>L&#8217;acc\u00e9s al Lloc Web no suposa, en cap cas, l&#8217;inici d&#8217;una relaci\u00f3 comercial amb el Titular.<\/p>\n<p>Mitjan\u00e7ant el Lloc Web, el Titular li facilita l&#8217;acc\u00e9s i la utilitzaci\u00f3 de diversos continguts que el Titular i\/o els seus col\u00b7laboradors han publicat per mitj\u00e0 d&#8217;Internet.<\/p>\n<p>A tal efecte, est\u00e0 obligat i comprom\u00e8s a NO utilitzar cap dels continguts del Lloc Web amb finalitats o efectes il\u00b7l\u00edcits, prohibits en aquest Av\u00eds Legal o per la legislaci\u00f3 vigent, lesius dels drets i interessos de tercers, o que de qualsevol manera puguin danyar, inutilitzar, sobrecarregar, deteriorar o impedir la normal utilitzaci\u00f3 dels continguts, els equips inform\u00e0tics o els documents, arxius i tota mena de continguts emmagatzemats en qualsevol equip inform\u00e0tic propis o contractats pel Titular, d&#8217;altres usuaris o de qualsevol usuari d&#8217;Internet.<\/p>\n<p>El Titular es reserva el dret de retirar tots aquells comentaris que vulnerin la legislaci\u00f3 vigent, lesius dels drets o interessos de tercers, o que, al seu judici, no resultin adequats per a la seva publicaci\u00f3.<\/p>\n<p>El Titular no ser\u00e0 responsable de les opinions vessades pels usuaris a trav\u00e9s del sistema de comentaris, xarxes socials o altres eines de participaci\u00f3, d&#8217;acord amb el previst en la normativa d&#8217;aplicaci\u00f3.<\/p>\n<h2><strong>Majoria d&#8217;edat<\/strong><\/h2>\n<p>Ha de tenir almenys 18 anys per utilitzar els serveis oferts pel Titular o la majoria d&#8217;edat que es requereixi al seu pa\u00eds per registrar-se al Lloc Web o utilitzar-lo. Si resideix en un pa\u00eds que no pertanyi a la Uni\u00f3 Europea, ha de tenir almenys 13 anys per utilitzar el lloc web o la majoria d&#8217;edat que es requereixi al seu pa\u00eds per registrar-se al lloc web o utilitzar-lo.<\/p>\n<p>A m\u00e9s de tenir l&#8217;edat m\u00ednima requerida per utilitzar el lloc Web segons la llei aplicable, si no t\u00e9 l&#8217;edat suficient per poder acceptar les condicions al seu pa\u00eds, el seu pare, mare o tutor han d&#8217;acceptar les condicions en el seu nom.<\/p>\n<h2><strong>Mesures de seguretat<\/strong><\/h2>\n<p>Les dades personals que faciliti al Titular poden ser emmagatzemades en bases de dades automatitzades o no, la titularitat de les quals correspon exclusivament al Titular, que assumeix totes les mesures d&#8217;\u00edndole t\u00e8cnica, organitzativa i de seguretat que garanteixen la confidencialitat, integritat i qualitat de la informaci\u00f3 continguda en les mateixes d&#8217;acord amb el que estableix la normativa vigent en protecci\u00f3 de dades.<\/p>\n<p>No obstant aix\u00f2, ha de ser conscient que les mesures de seguretat dels sistemes inform\u00e0tics a Internet no s\u00f3n enterament fiables i que, per tant, el Titular no pot garantir l&#8217;exist\u00e8ncia de virus o altres elements que puguin produir alteracions en els sistemes inform\u00e0tics (programari i maquinari) de l&#8217;Usuari o en els seus documents electr\u00f2nics i fitxers continguts en els mateixos, tot i que el Titular posa tots els mitjans necessaris i pren les mesures de seguretat oportunes per evitar la pres\u00e8ncia d&#8217;aquests elements nocius.<\/p>\n<h2><strong>Tractament de Dades Personals<\/strong><\/h2>\n<p>Pot consultar tota la informaci\u00f3 relativa al tractament de dades personals que recull el Titular a la p\u00e0gina de <a href=\"https:\/\/cristinaecija.cat\/politica-de-privacitat\/\">Pol\u00edtica de Privacitat<\/a>.<\/p>\n<h2><strong>Continguts<\/strong><\/h2>\n<p>El Titular ha obtingut la informaci\u00f3, el contingut multim\u00e8dia i els materials inclosos al Lloc Web de fonts que considera fiables, per\u00f2, tot i que ha pres totes les mesures raonables per assegurar que la informaci\u00f3 continguda sigui correcta, el Titular no garanteix que sigui exacta, completa o actualitzada. El Titular declina expressament qualsevol responsabilitat per error o omissi\u00f3 en la informaci\u00f3 continguda a les p\u00e0gines del Lloc Web.<\/p>\n<p>Queda prohibit transmetre o enviar a trav\u00e9s del Lloc Web qualsevol contingut il\u00b7legal o il\u00b7l\u00edcit, virus inform\u00e0tics o missatges que, en general, afectin o violin drets del Titular o de tercers.<\/p>\n<p>Els continguts del Lloc Web tenen \u00fanicament una finalitat informativa i en cap cas han de ser utilitzats o considerats com a oferta de venda, sol\u00b7licitud d&#8217;oferta de compra o recomanaci\u00f3 per realitzar qualsevol altra operaci\u00f3, llevat que aix\u00ed es faci constar expressament.<\/p>\n<p>El Titular es reserva el dret de modificar, suspendre, cancel\u00b7lar o restringir el contingut del Lloc Web, els enlla\u00e7os o la informaci\u00f3 obtinguda a trav\u00e9s del Lloc Web, sense necessitat de previ av\u00eds.<\/p>\n<p>El Titular no \u00e9s responsable dels danys i perjudicis que poguessin derivar-se de la utilitzaci\u00f3 de la informaci\u00f3 del Lloc Web o de la continguda a les xarxes socials del Titular.<\/p>\n<h2><strong>Pol\u00edtica de Cookies<\/strong><\/h2>\n<p>Podeu consultar tota la informaci\u00f3 relativa a la pol\u00edtica de recollida i tractament de les cookies a la p\u00e0gina de <a href=\"https:\/\/cristinaecija.cat\/politica-de-cookies\/\">Pol\u00edtica de Cookies<\/a>.<\/p>\n<h2><strong>Enlla\u00e7os a altres llocs web<\/strong><\/h2>\n<p>El Titular pot proporcionar-li acc\u00e9s a llocs web de tercers mitjan\u00e7ant enlla\u00e7os amb la finalitat exclusiva d&#8217;informar sobre l&#8217;exist\u00e8ncia d&#8217;altres fonts d&#8217;informaci\u00f3 a Internet en les quals podr\u00e0 ampliar les dades ofertes al Lloc Web.<\/p>\n<p>Aquests enlla\u00e7os a altres llocs web no suposen, en cap cas, una sugger\u00e8ncia o recomanaci\u00f3 perqu\u00e8 vost\u00e8 visiti les p\u00e0gines web de destinaci\u00f3, que estan fora del control del Titular, per la qual cosa el Titular no \u00e9s responsable del contingut dels llocs web vinculats ni del resultat que obtingui en seguir els enlla\u00e7os. Aix\u00ed mateix, el Titular no respon dels enlla\u00e7os ubicats en els llocs web vinculats als quals li proporciona acc\u00e9s.<\/p>\n<p>L&#8217;establiment de l&#8217;enlla\u00e7 no implica, en cap cas, l&#8217;exist\u00e8ncia de relacions entre el Titular i el propietari del lloc en el qual s&#8217;estableix l&#8217;enlla\u00e7, ni l&#8217;acceptaci\u00f3 o aprovaci\u00f3 per part del Titular dels seus continguts o serveis.<\/p>\n<p>Si accedeix a un lloc web extern des d&#8217;un enlla\u00e7 que trobi al Lloc Web, haureu de llegir la pr\u00f2pia pol\u00edtica de privacitat de l&#8217;altre lloc web, que pot ser diferent de la d&#8217;aquest lloc Web.<\/p>\n<h2><strong>Propietat intel\u00b7lectual i industrial<\/strong><\/h2>\n<p>Tots els drets estan reservats.<\/p>\n<p>Tot acc\u00e9s a aquest Lloc Web est\u00e0 subjecte a les seg\u00fcents condicions: la reproducci\u00f3, emmagatzematge permanent i la difusi\u00f3 dels continguts o qualsevol altre \u00fas amb finalitat p\u00fablica o comercial queda expressament prohibit sense el consentiment previ expr\u00e9s i per escrit del Titular.<\/p>\n<h2><strong>Limitaci\u00f3 de responsabilitat<\/strong><\/h2>\n<p>La informaci\u00f3 i serveis inclosos o disponibles a trav\u00e9s del Lloc Web poden incloure incorreccions o errors tipogr\u00e0fics. De forma peri\u00f2dica, el Titular incorpora millores i\/o canvis a la informaci\u00f3 continguda i\/o els Serveis que pot introduir en qualsevol moment.<\/p>\n<p>El Titular no declara ni garanteix que els serveis o continguts siguin interromputs o lliures d&#8217;errors, que els defectes siguin corregits o que el servei o el servidor que el posa a disposici\u00f3 siguin lliures de virus o altres components nocius, sense perjudici que el Titular realitza tots els esfor\u00e7os per evitar aquest tipus d&#8217;incidents.<\/p>\n<p>El Titular declina qualsevol responsabilitat en cas que existeixin interrupcions o un mal funcionament dels Serveis o continguts oferts a Internet, qualsevol que sigui la seva causa. Aix\u00ed mateix, el Titular no es fa responsable de caigudes de la xarxa, p\u00e8rdues de negoci com a conseq\u00fc\u00e8ncia d&#8217;aquestes caigudes, suspensions temporals de fluid el\u00e8ctric o qualsevol altre tipus de dany indirecte que li pugui ser causat per causes alienes al Titular.<\/p>\n<p>Abans de prendre decisions i\/o accions basades en la informaci\u00f3 inclosa al Lloc Web, el Titular li recomana comprovar i contrastar la informaci\u00f3 rebuda amb altres fonts.<\/p>\n<h2><strong>Dret d&#8217;exclusi\u00f3<\/strong><\/h2>\n<p>El Titular es reserva el dret a denegar o retirar l&#8217;acc\u00e9s al Lloc Web i els serveis oferts sense necessitat de preav\u00eds, a inst\u00e0ncia pr\u00f2pia o d&#8217;un tercer, als usuaris que incompleixin qualsevol de les condicions d&#8217;aquest Av\u00eds Legal.<\/p>\n<h2><strong>Jurisdicci\u00f3<\/strong><\/h2>\n<p>Aquest Av\u00eds Legal es regeix \u00edntegrament per la legislaci\u00f3 espanyola.<\/p>\n<p>Sempre que no hi hagi una norma que obligui a una altra cosa, per a totes les q\u00fcestions que sorgeixin sobre la interpretaci\u00f3, aplicaci\u00f3 i compliment d&#8217;aquest Av\u00eds Legal, aix\u00ed com de les reclamacions que puguin derivar-se del seu \u00fas, les parts acorden sotmetre&#8217;s als Jutges i Tribunals de la prov\u00edncia de Barcelona, amb ren\u00fancia expressa de qualsevol altra jurisdicci\u00f3 que els pugui correspondre.<\/p>\n<h2><strong>Contacto<\/strong><\/h2>\n<p>En cas que tingui qualsevol dubte sobre aquest Av\u00eds Legal o vulgui fer qualsevol comentari sobre el Lloc Web, pot enviar un missatge de correu electr\u00f2nic a la adre\u00e7a: <a href=\"mailto:info@cristinaecija.cat\" target=\"_new\" rel=\"noopener\">info@cristinaecija.cat<\/a><\/p>","protected":false},"excerpt":{"rendered":"<p>Identificaci\u00f3 i titularitat En compliment de l&#8217;article 10 de la Llei 34\/2002, del 11 de juliol, de Serveis de la Societat de la Informaci\u00f3 i Comer\u00e7 Electr\u00f2nic, el Titular exposa les seves dades identificatives: Titular:\u00a0 CRISTINA ECIJA MU\u00d1OZ. NIF:\u00a044001599T Domicili:\u00a0 C\/ DALIA, 12 \u00b7 08460 SANTA MAR\u00cdA DE PALAUTORDERA, Barcelona &#8211; Espa\u00f1a. Correo electr\u00f2nic:\u00a0 info@cristinaecija.cat &#8230; <a title=\"Legal\" class=\"read-more\" href=\"https:\/\/cristinaecija.cat\/es\/avis-legal\/\" aria-label=\"Leer m\u00e1s sobre Legal\">Leer m\u00e1s<\/a><\/p>","protected":false},"author":1,"featured_media":0,"parent":0,"menu_order":0,"comment_status":"closed","ping_status":"closed","template":"","meta":{"footnotes":""},"class_list":["post-15","page","type-page","status-publish"],"yoast_head":"<!-- This site is optimized with the Yoast SEO plugin v26.4 - https:\/\/yoast.com\/wordpress\/plugins\/seo\/ -->\n<title>Legal &#8226; Cristina Ecija<\/title>\n<meta name=\"description\" content=\"Aqu\u00ed trobar\u00e0s l&#039;av\u00eds legal de Cristina Ecija\" \/>\n<meta name=\"robots\" content=\"index, follow, max-snippet:-1, max-image-preview:large, max-video-preview:-1\" \/>\n<link rel=\"canonical\" href=\"https:\/\/cristinaecija.cat\/es\/avis-legal\/\" \/>\n<meta property=\"og:locale\" content=\"es_ES\" \/>\n<meta property=\"og:type\" content=\"article\" \/>\n<meta property=\"og:title\" content=\"Legal &#8226; Cristina Ecija\" \/>\n<meta property=\"og:description\" content=\"Aqu\u00ed trobar\u00e0s l&#039;av\u00eds legal de Cristina Ecija\" \/>\n<meta property=\"og:url\" content=\"https:\/\/cristinaecija.cat\/es\/avis-legal\/\" \/>\n<meta property=\"og:site_name\" content=\"Cristina Ecija\" \/>\n<meta property=\"article:modified_time\" content=\"2023-11-21T07:54:32+00:00\" \/>\n<meta property=\"og:image\" content=\"https:\/\/cristinaecija.cat\/wp-content\/uploads\/2023\/06\/bosc-low.jpg\" \/>\n\t<meta property=\"og:image:width\" content=\"1280\" \/>\n\t<meta property=\"og:image:height\" content=\"853\" \/>\n\t<meta property=\"og:image:type\" content=\"image\/jpeg\" \/>\n<script type=\"application\/ld+json\" class=\"yoast-schema-graph\">{\"@context\":\"https:\/\/schema.org\",\"@graph\":[{\"@type\":\"WebPage\",\"@id\":\"https:\/\/cristinaecija.cat\/avis-legal\/\",\"url\":\"https:\/\/cristinaecija.cat\/avis-legal\/\",\"name\":\"Legal &#8226; Cristina Ecija\",\"isPartOf\":{\"@id\":\"https:\/\/cristinaecija.cat\/#website\"},\"datePublished\":\"2023-06-16T18:02:12+00:00\",\"dateModified\":\"2023-11-21T07:54:32+00:00\",\"description\":\"Aqu\u00ed trobar\u00e0s l'av\u00eds legal de Cristina Ecija\",\"breadcrumb\":{\"@id\":\"https:\/\/cristinaecija.cat\/avis-legal\/#breadcrumb\"},\"inLanguage\":\"es\",\"potentialAction\":[{\"@type\":\"ReadAction\",\"target\":[\"https:\/\/cristinaecija.cat\/avis-legal\/\"]}]},{\"@type\":\"BreadcrumbList\",\"@id\":\"https:\/\/cristinaecija.cat\/avis-legal\/#breadcrumb\",\"itemListElement\":[{\"@type\":\"ListItem\",\"position\":1,\"name\":\"Inici\",\"item\":\"https:\/\/cristinaecija.cat\/\"},{\"@type\":\"ListItem\",\"position\":2,\"name\":\"Legal\"}]},{\"@type\":\"WebSite\",\"@id\":\"https:\/\/cristinaecija.cat\/#website\",\"url\":\"https:\/\/cristinaecija.cat\/\",\"name\":\"Cristina Ecija\",\"description\":\"Disseny Web, SEO, SEO Local i Marketing Digital\",\"publisher\":{\"@id\":\"https:\/\/cristinaecija.cat\/#\/schema\/person\/01caa4af01bef9cff3ffc568f275266d\"},\"potentialAction\":[{\"@type\":\"SearchAction\",\"target\":{\"@type\":\"EntryPoint\",\"urlTemplate\":\"https:\/\/cristinaecija.cat\/?s={search_term_string}\"},\"query-input\":{\"@type\":\"PropertyValueSpecification\",\"valueRequired\":true,\"valueName\":\"search_term_string\"}}],\"inLanguage\":\"es\"},{\"@type\":[\"Person\",\"Organization\"],\"@id\":\"https:\/\/cristinaecija.cat\/#\/schema\/person\/01caa4af01bef9cff3ffc568f275266d\",\"name\":\"Cristina Ecija\",\"image\":{\"@type\":\"ImageObject\",\"inLanguage\":\"es\",\"@id\":\"https:\/\/cristinaecija.cat\/#\/schema\/person\/image\/\",\"url\":\"https:\/\/cristinaecija.cat\/wp-content\/uploads\/2023\/06\/CRISTINA-ECIJA-LOGO-fondo-negro.png\",\"contentUrl\":\"https:\/\/cristinaecija.cat\/wp-content\/uploads\/2023\/06\/CRISTINA-ECIJA-LOGO-fondo-negro.png\",\"width\":300,\"height\":150,\"caption\":\"Cristina Ecija\"},\"logo\":{\"@id\":\"https:\/\/cristinaecija.cat\/#\/schema\/person\/image\/\"},\"sameAs\":[\"https:\/\/cristinaecija.cat\"]}]}<\/script>\n<!-- \/ Yoast SEO plugin. -->","yoast_head_json":{"title":"Legal &#8226; Cristina Ecija","description":"Aqu\u00ed trobar\u00e0s l'av\u00eds legal de Cristina Ecija","robots":{"index":"index","follow":"follow","max-snippet":"max-snippet:-1","max-image-preview":"max-image-preview:large","max-video-preview":"max-video-preview:-1"},"canonical":"https:\/\/cristinaecija.cat\/es\/avis-legal\/","og_locale":"es_ES","og_type":"article","og_title":"Legal &#8226; Cristina Ecija","og_description":"Aqu\u00ed trobar\u00e0s l'av\u00eds legal de Cristina Ecija","og_url":"https:\/\/cristinaecija.cat\/es\/avis-legal\/","og_site_name":"Cristina Ecija","article_modified_time":"2023-11-21T07:54:32+00:00","og_image":[{"width":1280,"height":853,"url":"https:\/\/cristinaecija.cat\/wp-content\/uploads\/2023\/06\/bosc-low.jpg","type":"image\/jpeg"}],"schema":{"@context":"https:\/\/schema.org","@graph":[{"@type":"WebPage","@id":"https:\/\/cristinaecija.cat\/avis-legal\/","url":"https:\/\/cristinaecija.cat\/avis-legal\/","name":"Legal &#8226; Cristina Ecija","isPartOf":{"@id":"https:\/\/cristinaecija.cat\/#website"},"datePublished":"2023-06-16T18:02:12+00:00","dateModified":"2023-11-21T07:54:32+00:00","description":"Aqu\u00ed trobar\u00e0s l'av\u00eds legal de Cristina Ecija","breadcrumb":{"@id":"https:\/\/cristinaecija.cat\/avis-legal\/#breadcrumb"},"inLanguage":"es","potentialAction":[{"@type":"ReadAction","target":["https:\/\/cristinaecija.cat\/avis-legal\/"]}]},{"@type":"BreadcrumbList","@id":"https:\/\/cristinaecija.cat\/avis-legal\/#breadcrumb","itemListElement":[{"@type":"ListItem","position":1,"name":"Inici","item":"https:\/\/cristinaecija.cat\/"},{"@type":"ListItem","position":2,"name":"Legal"}]},{"@type":"WebSite","@id":"https:\/\/cristinaecija.cat\/#website","url":"https:\/\/cristinaecija.cat\/","name":"Cristina Ecija","description":"Disseny Web, SEO, SEO Local i Marketing Digital","publisher":{"@id":"https:\/\/cristinaecija.cat\/#\/schema\/person\/01caa4af01bef9cff3ffc568f275266d"},"potentialAction":[{"@type":"SearchAction","target":{"@type":"EntryPoint","urlTemplate":"https:\/\/cristinaecija.cat\/?s={search_term_string}"},"query-input":{"@type":"PropertyValueSpecification","valueRequired":true,"valueName":"search_term_string"}}],"inLanguage":"es"},{"@type":["Person","Organization"],"@id":"https:\/\/cristinaecija.cat\/#\/schema\/person\/01caa4af01bef9cff3ffc568f275266d","name":"Cristina Ecija","image":{"@type":"ImageObject","inLanguage":"es","@id":"https:\/\/cristinaecija.cat\/#\/schema\/person\/image\/","url":"https:\/\/cristinaecija.cat\/wp-content\/uploads\/2023\/06\/CRISTINA-ECIJA-LOGO-fondo-negro.png","contentUrl":"https:\/\/cristinaecija.cat\/wp-content\/uploads\/2023\/06\/CRISTINA-ECIJA-LOGO-fondo-negro.png","width":300,"height":150,"caption":"Cristina Ecija"},"logo":{"@id":"https:\/\/cristinaecija.cat\/#\/schema\/person\/image\/"},"sameAs":["https:\/\/cristinaecija.cat"]}]}},"_links":{"self":[{"href":"https:\/\/cristinaecija.cat\/es\/wp-json\/wp\/v2\/pages\/15","targetHints":{"allow":["GET"]}}],"collection":[{"href":"https:\/\/cristinaecija.cat\/es\/wp-json\/wp\/v2\/pages"}],"about":[{"href":"https:\/\/cristinaecija.cat\/es\/wp-json\/wp\/v2\/types\/page"}],"author":[{"embeddable":true,"href":"https:\/\/cristinaecija.cat\/es\/wp-json\/wp\/v2\/users\/1"}],"replies":[{"embeddable":true,"href":"https:\/\/cristinaecija.cat\/es\/wp-json\/wp\/v2\/comments?post=15"}],"version-history":[{"count":3,"href":"https:\/\/cristinaecija.cat\/es\/wp-json\/wp\/v2\/pages\/15\/revisions"}],"predecessor-version":[{"id":136,"href":"https:\/\/cristinaecija.cat\/es\/wp-json\/wp\/v2\/pages\/15\/revisions\/136"}],"wp:attachment":[{"href":"https:\/\/cristinaecija.cat\/es\/wp-json\/wp\/v2\/media?parent=15"}],"curies":[{"name":"wp","href":"https:\/\/api.w.org\/{rel}","templated":true}]}}