{"id":245,"date":"2023-11-18T19:57:41","date_gmt":"2023-11-18T18:57:41","guid":{"rendered":"https:\/\/cristinaecija.cat\/?page_id=245"},"modified":"2023-11-21T09:18:40","modified_gmt":"2023-11-21T08:18:40","slug":"contacte","status":"publish","type":"page","link":"https:\/\/cristinaecija.cat\/es\/contacte\/","title":{"rendered":"Contacto"},"content":{"rendered":"<div data-elementor-type=\"wp-page\" data-elementor-id=\"245\" class=\"elementor elementor-245\" data-elementor-post-type=\"page\">\n\t\t\t\t<div class=\"elementor-element elementor-element-11ab601 e-flex e-con-boxed e-con e-parent\" data-id=\"11ab601\" data-element_type=\"container\">\n\t\t\t\t\t<div class=\"e-con-inner\">\n\t\t\t\t<div class=\"elementor-element elementor-element-1073c40 elementor-widget elementor-widget-heading\" data-id=\"1073c40\" data-element_type=\"widget\" data-widget_type=\"heading.default\">\n\t\t\t\t<div class=\"elementor-widget-container\">\n\t\t\t\t\t<h2 class=\"elementor-heading-title elementor-size-default\">\u00a1Hola! Soy Cristina Ecija <br><br>\u00bfC\u00f3mo puedo ayudarte?<\/h2>\t\t\t\t<\/div>\n\t\t\t\t<\/div>\n\t\t\t\t\t<\/div>\n\t\t\t\t<\/div>\n\t\t<div class=\"elementor-element elementor-element-3019547 e-con-full e-flex e-con e-parent\" data-id=\"3019547\" data-element_type=\"container\">\n\t\t\t\t<div class=\"elementor-element elementor-element-55c433b elementor-widget elementor-widget-template\" data-id=\"55c433b\" data-element_type=\"widget\" data-widget_type=\"template.default\">\n\t\t\t\t<div class=\"elementor-widget-container\">\n\t\t\t\t\t\t\t<div class=\"elementor-template\">\n\t\t\t\t\t<div data-elementor-type=\"container\" data-elementor-id=\"296\" class=\"elementor elementor-296\" data-elementor-post-type=\"elementor_library\">\n\t\t\t\t<div class=\"elementor-element elementor-element-6b1302d7 e-flex e-con-boxed e-con e-parent\" data-id=\"6b1302d7\" data-element_type=\"container\" data-settings=\"{&quot;background_background&quot;:&quot;classic&quot;}\">\n\t\t\t\t\t<div class=\"e-con-inner\">\n\t\t\t\t<div class=\"elementor-element elementor-element-390d03c6 elementor-widget__width-initial elementor-widget-tablet__width-inherit elementor-widget elementor-widget-image\" data-id=\"390d03c6\" data-element_type=\"widget\" data-widget_type=\"image.default\">\n\t\t\t\t<div class=\"elementor-widget-container\">\n\t\t\t\t\t\t\t\t\t\t\t\t\t\t\t<img fetchpriority=\"high\" decoding=\"async\" width=\"683\" height=\"1024\" src=\"https:\/\/cristinaecija.cat\/wp-content\/uploads\/2023\/11\/cristina-ecija-683x1024.webp\" class=\"attachment-large size-large wp-image-275\" alt=\"Cristina Ecija\" srcset=\"https:\/\/cristinaecija.cat\/wp-content\/uploads\/2023\/11\/cristina-ecija-683x1024.webp 683w, https:\/\/cristinaecija.cat\/wp-content\/uploads\/2023\/11\/cristina-ecija-200x300.webp 200w, https:\/\/cristinaecija.cat\/wp-content\/uploads\/2023\/11\/cristina-ecija-768x1152.webp 768w, https:\/\/cristinaecija.cat\/wp-content\/uploads\/2023\/11\/cristina-ecija.webp 800w\" sizes=\"(max-width: 683px) 100vw, 683px\" \/>\t\t\t\t\t\t\t\t\t\t\t\t\t\t\t<\/div>\n\t\t\t\t<\/div>\n\t\t<div class=\"elementor-element elementor-element-7a0543f8 e-flex e-con-boxed e-con e-child\" data-id=\"7a0543f8\" data-element_type=\"container\">\n\t\t\t\t\t<div class=\"e-con-inner\">\n\t\t\t\t<div class=\"elementor-element elementor-element-2c5d58c1 elementor-widget elementor-widget-heading\" data-id=\"2c5d58c1\" data-element_type=\"widget\" data-widget_type=\"heading.default\">\n\t\t\t\t<div class=\"elementor-widget-container\">\n\t\t\t\t\t<h3 class=\"elementor-heading-title elementor-size-default\">Solicita m\u00e1s info...<\/h3>\t\t\t\t<\/div>\n\t\t\t\t<\/div>\n\t\t\t\t<div class=\"elementor-element elementor-element-2b0bda7f elementor-button-align-stretch elementor-widget elementor-widget-form\" data-id=\"2b0bda7f\" data-element_type=\"widget\" data-settings=\"{&quot;step_next_label&quot;:&quot;Next&quot;,&quot;step_previous_label&quot;:&quot;Previous&quot;,&quot;button_width&quot;:&quot;33&quot;,&quot;step_type&quot;:&quot;number_text&quot;,&quot;step_icon_shape&quot;:&quot;circle&quot;}\" data-widget_type=\"form.default\">\n\t\t\t\t<div class=\"elementor-widget-container\">\n\t\t\t\t\t\t\t<form class=\"elementor-form\" method=\"post\" name=\"frmContacte\" aria-label=\"frmContacte\" action=\"\">\n\t\t\t<input type=\"hidden\" name=\"post_id\" value=\"296\"\/>\n\t\t\t<input type=\"hidden\" name=\"form_id\" value=\"2b0bda7f\"\/>\n\t\t\t<input type=\"hidden\" name=\"referer_title\" value=\"Consultora SEO Barcelona i Montseny &#8226; Cristina Ecija\" \/>\n\n\t\t\t\t\t\t\t<input type=\"hidden\" name=\"queried_id\" value=\"2\"\/>\n\t\t\t\n\t\t\t<div class=\"elementor-form-fields-wrapper elementor-labels-above\">\n\t\t\t\t\t\t\t\t<div class=\"elementor-field-type-text elementor-field-group elementor-column elementor-field-group-name elementor-col-50 elementor-field-required elementor-mark-required\">\n\t\t\t\t\t\t\t\t\t\t\t\t<label for=\"form-field-name\" class=\"elementor-field-label\">\n\t\t\t\t\t\t\t\tNombre\t\t\t\t\t\t\t<\/label>\n\t\t\t\t\t\t\t\t\t\t\t\t\t\t<input size=\"1\" type=\"text\" name=\"form_fields[name]\" id=\"form-field-name\" class=\"elementor-field elementor-size-sm  elementor-field-textual\" placeholder=\"Nombre\" required=\"required\">\n\t\t\t\t\t\t\t\t\t\t\t<\/div>\n\t\t\t\t\t\t\t\t<div class=\"elementor-field-type-email elementor-field-group elementor-column elementor-field-group-email elementor-col-50 elementor-field-required elementor-mark-required\">\n\t\t\t\t\t\t\t\t\t\t\t\t<label for=\"form-field-email\" class=\"elementor-field-label\">\n\t\t\t\t\t\t\t\tEmail\t\t\t\t\t\t\t<\/label>\n\t\t\t\t\t\t\t\t\t\t\t\t\t\t<input size=\"1\" type=\"email\" name=\"form_fields[email]\" id=\"form-field-email\" class=\"elementor-field elementor-size-sm  elementor-field-textual\" placeholder=\"Email\" required=\"required\">\n\t\t\t\t\t\t\t\t\t\t\t<\/div>\n\t\t\t\t\t\t\t\t<div class=\"elementor-field-type-textarea elementor-field-group elementor-column elementor-field-group-field_6bade4a elementor-col-100\">\n\t\t\t\t\t\t\t\t\t\t\t\t<label for=\"form-field-field_6bade4a\" class=\"elementor-field-label\">\n\t\t\t\t\t\t\t\tDeja tu mensaje y te contesto en breve\t\t\t\t\t\t\t<\/label>\n\t\t\t\t\t\t<textarea class=\"elementor-field-textual elementor-field  elementor-size-sm\" name=\"form_fields[field_6bade4a]\" id=\"form-field-field_6bade4a\" rows=\"5\"><\/textarea>\t\t\t\t<\/div>\n\t\t\t\t\t\t\t\t<div class=\"elementor-field-type-text\">\n\t\t\t\t\t<input size=\"1\" type=\"text\" name=\"form_fields[field_d40415f]\" id=\"form-field-field_d40415f\" class=\"elementor-field elementor-size-sm\" style=\"display:none !important;\">\t\t\t\t<\/div>\n\t\t\t\t\t\t\t\t<div class=\"elementor-field-type-acceptance elementor-field-group elementor-column elementor-field-group-field_ac1d667 elementor-col-100\">\n\t\t\t\t\t\t\t\t\t\t\t\t<label for=\"form-field-field_ac1d667\" class=\"elementor-field-label\">\n\t\t\t\t\t\t\t\tConsentimientos\t\t\t\t\t\t\t<\/label>\n\t\t\t\t\t\t\t\t<div class=\"elementor-field-subgroup\">\n\t\t\t<span class=\"elementor-field-option\">\n\t\t\t\t<input type=\"checkbox\" name=\"form_fields[field_ac1d667]\" id=\"form-field-field_ac1d667\" class=\"elementor-field elementor-size-sm  elementor-acceptance-field\">\n\t\t\t\t<label for=\"form-field-field_ac1d667\">Acepto la <a style=\"color: black;\" href=\"https:\/\/cristinaecija.cat\/politica-de-privacitat\/\"><b><u>pol\u00edtica de privacidad<\/u><\/b><\/a> y que mis datos sean tratados con la \u00fanica finalidad de atender mi solicitud.<\/label>\t\t\t<\/span>\n\t\t<\/div>\n\t\t\t\t\t\t<\/div>\n\t\t\t\t\t\t\t\t<div class=\"elementor-field-type-recaptcha_v3 elementor-field-group elementor-column elementor-field-group-field_6d0311a elementor-col-100 recaptcha_v3-bottomright\">\n\t\t\t\t\t<div class=\"elementor-field\" id=\"form-field-field_6d0311a\"><div class=\"elementor-g-recaptcha\" data-sitekey=\"6LfWgRIpAAAAADT2teN7PDeMIhx20aVWU9XCG27L\" data-type=\"v3\" data-action=\"Form\" data-badge=\"bottomright\" data-size=\"invisible\"><\/div><\/div>\t\t\t\t<\/div>\n\t\t\t\t\t\t\t\t<div class=\"elementor-field-group elementor-column elementor-field-type-submit elementor-col-33 e-form__buttons\">\n\t\t\t\t\t<button class=\"elementor-button elementor-size-sm\" type=\"submit\">\n\t\t\t\t\t\t<span class=\"elementor-button-content-wrapper\">\n\t\t\t\t\t\t\t\t\t\t\t\t\t\t\t\t\t\t\t\t\t\t<span class=\"elementor-button-text\">Env\u00eda<\/span>\n\t\t\t\t\t\t\t\t\t\t\t\t\t<\/span>\n\t\t\t\t\t<\/button>\n\t\t\t\t<\/div>\n\t\t\t<\/div>\n\t\t<input type=\"hidden\" name=\"trp-form-language\" value=\"es\"\/><\/form>\n\t\t\t\t\t\t<\/div>\n\t\t\t\t<\/div>\n\t\t\t\t<div class=\"elementor-element elementor-element-5739eef7 elementor-widget elementor-widget-text-editor\" data-id=\"5739eef7\" data-element_type=\"widget\" data-widget_type=\"text-editor.default\">\n\t\t\t\t<div class=\"elementor-widget-container\">\n\t\t\t\t\t\t\t\t\tTe informo que los datos de car\u00e1cter personal que me proporciones rellenando el presente formulario ser\u00e1n tratados por Cristina Ecija Mu\u00f1oz como responsable de esta p\u00e1gina web. Fin de la recogida y tratamiento de los datos personales: Gestionar la respuesta a la tu consulta. Legitimaci\u00f3n: Consentimiento de el interesado. Destinatarios: Email. Derechos: Podr\u00e1s ejercer tus derechos de acceso, rectificaci\u00f3n, limitaci\u00f3n y supresi\u00f3n de tus datos en <strong><a style=\"color: black;\" href=\"mailto:info@cristinaecija.cat\" target=\"_new\"><u>info@cristinaecija.cat<\/u><\/a>,<\/strong> as\u00ed como el derecho a presentar una reclamaci\u00f3n ante una autoridad de control. Puedes consultar la informaci\u00f3n adicional y detallada sobre Protecci\u00f3n de Datos a mi p\u00e1gina web: cristinaecija.cat, as\u00ed como consultar mi <strong><a style=\"color: black;\" href=\"https:\/\/cristinaecija.cat\/politica-de-privacitat\/\"><u>pol\u00edtica de privacidad<\/u><\/a><\/strong>.\t\t\t\t\t\t\t\t<\/div>\n\t\t\t\t<\/div>\n\t\t\t\t\t<\/div>\n\t\t\t\t<\/div>\n\t\t\t\t\t<\/div>\n\t\t\t\t<\/div>\n\t\t\t\t<\/div>\n\t\t\t\t<\/div>\n\t\t\t\t\t\t<\/div>\n\t\t\t\t<\/div>\n\t\t\t\t<\/div>\n\t\t\t\t<\/div>","protected":false},"excerpt":{"rendered":"<p>Hola! S\u00f3c la Cristina Ecija Com puc ajudar-te?<\/p>","protected":false},"author":1,"featured_media":0,"parent":0,"menu_order":0,"comment_status":"closed","ping_status":"closed","template":"elementor_header_footer","meta":{"footnotes":""},"class_list":["post-245","page","type-page","status-publish"],"yoast_head":"<!-- This site is optimized with the Yoast SEO plugin v26.4 - https:\/\/yoast.com\/wordpress\/plugins\/seo\/ -->\n<title>Contacte &#8226; Cristina Ecija<\/title>\n<meta name=\"description\" content=\"Pots contactar amb mi a trav\u00e9s del seg\u00fcent formulari i ben aviat em posar\u00e9 en contacte amb tu...\" \/>\n<meta name=\"robots\" content=\"index, follow, max-snippet:-1, max-image-preview:large, max-video-preview:-1\" \/>\n<link rel=\"canonical\" href=\"https:\/\/cristinaecija.cat\/es\/contacte\/\" \/>\n<meta property=\"og:locale\" content=\"es_ES\" \/>\n<meta property=\"og:type\" content=\"article\" \/>\n<meta property=\"og:title\" content=\"Contacte &#8226; Cristina Ecija\" \/>\n<meta property=\"og:description\" content=\"Pots contactar amb mi a trav\u00e9s del seg\u00fcent formulari i ben aviat em posar\u00e9 en contacte amb tu...\" \/>\n<meta property=\"og:url\" content=\"https:\/\/cristinaecija.cat\/es\/contacte\/\" \/>\n<meta property=\"og:site_name\" content=\"Cristina Ecija\" \/>\n<meta property=\"article:modified_time\" content=\"2023-11-21T08:18:40+00:00\" \/>\n<meta property=\"og:image\" content=\"https:\/\/cristinaecija.cat\/wp-content\/uploads\/2023\/06\/bosc-low.jpg\" \/>\n\t<meta property=\"og:image:width\" content=\"1280\" \/>\n\t<meta property=\"og:image:height\" content=\"853\" \/>\n\t<meta property=\"og:image:type\" content=\"image\/jpeg\" \/>\n<script type=\"application\/ld+json\" class=\"yoast-schema-graph\">{\"@context\":\"https:\/\/schema.org\",\"@graph\":[{\"@type\":\"WebPage\",\"@id\":\"https:\/\/cristinaecija.cat\/contacte\/\",\"url\":\"https:\/\/cristinaecija.cat\/contacte\/\",\"name\":\"Contacte &#8226; Cristina Ecija\",\"isPartOf\":{\"@id\":\"https:\/\/cristinaecija.cat\/#website\"},\"datePublished\":\"2023-11-18T18:57:41+00:00\",\"dateModified\":\"2023-11-21T08:18:40+00:00\",\"description\":\"Pots contactar amb mi a trav\u00e9s del seg\u00fcent formulari i ben aviat em posar\u00e9 en contacte amb tu...\",\"breadcrumb\":{\"@id\":\"https:\/\/cristinaecija.cat\/contacte\/#breadcrumb\"},\"inLanguage\":\"es\",\"potentialAction\":[{\"@type\":\"ReadAction\",\"target\":[\"https:\/\/cristinaecija.cat\/contacte\/\"]}]},{\"@type\":\"BreadcrumbList\",\"@id\":\"https:\/\/cristinaecija.cat\/contacte\/#breadcrumb\",\"itemListElement\":[{\"@type\":\"ListItem\",\"position\":1,\"name\":\"Inici\",\"item\":\"https:\/\/cristinaecija.cat\/\"},{\"@type\":\"ListItem\",\"position\":2,\"name\":\"Contacte\"}]},{\"@type\":\"WebSite\",\"@id\":\"https:\/\/cristinaecija.cat\/#website\",\"url\":\"https:\/\/cristinaecija.cat\/\",\"name\":\"Cristina Ecija\",\"description\":\"Disseny Web, SEO, SEO Local i Marketing Digital\",\"publisher\":{\"@id\":\"https:\/\/cristinaecija.cat\/#\/schema\/person\/01caa4af01bef9cff3ffc568f275266d\"},\"potentialAction\":[{\"@type\":\"SearchAction\",\"target\":{\"@type\":\"EntryPoint\",\"urlTemplate\":\"https:\/\/cristinaecija.cat\/?s={search_term_string}\"},\"query-input\":{\"@type\":\"PropertyValueSpecification\",\"valueRequired\":true,\"valueName\":\"search_term_string\"}}],\"inLanguage\":\"es\"},{\"@type\":[\"Person\",\"Organization\"],\"@id\":\"https:\/\/cristinaecija.cat\/#\/schema\/person\/01caa4af01bef9cff3ffc568f275266d\",\"name\":\"Cristina Ecija\",\"image\":{\"@type\":\"ImageObject\",\"inLanguage\":\"es\",\"@id\":\"https:\/\/cristinaecija.cat\/#\/schema\/person\/image\/\",\"url\":\"https:\/\/cristinaecija.cat\/wp-content\/uploads\/2023\/06\/CRISTINA-ECIJA-LOGO-fondo-negro.png\",\"contentUrl\":\"https:\/\/cristinaecija.cat\/wp-content\/uploads\/2023\/06\/CRISTINA-ECIJA-LOGO-fondo-negro.png\",\"width\":300,\"height\":150,\"caption\":\"Cristina Ecija\"},\"logo\":{\"@id\":\"https:\/\/cristinaecija.cat\/#\/schema\/person\/image\/\"},\"sameAs\":[\"https:\/\/cristinaecija.cat\"]}]}<\/script>\n<!-- \/ Yoast SEO plugin. -->","yoast_head_json":{"title":"Contacte &#8226; Cristina Ecija","description":"Pots contactar amb mi a trav\u00e9s del seg\u00fcent formulari i ben aviat em posar\u00e9 en contacte amb tu...","robots":{"index":"index","follow":"follow","max-snippet":"max-snippet:-1","max-image-preview":"max-image-preview:large","max-video-preview":"max-video-preview:-1"},"canonical":"https:\/\/cristinaecija.cat\/es\/contacte\/","og_locale":"es_ES","og_type":"article","og_title":"Contacte &#8226; Cristina Ecija","og_description":"Pots contactar amb mi a trav\u00e9s del seg\u00fcent formulari i ben aviat em posar\u00e9 en contacte amb tu...","og_url":"https:\/\/cristinaecija.cat\/es\/contacte\/","og_site_name":"Cristina Ecija","article_modified_time":"2023-11-21T08:18:40+00:00","og_image":[{"width":1280,"height":853,"url":"https:\/\/cristinaecija.cat\/wp-content\/uploads\/2023\/06\/bosc-low.jpg","type":"image\/jpeg"}],"schema":{"@context":"https:\/\/schema.org","@graph":[{"@type":"WebPage","@id":"https:\/\/cristinaecija.cat\/contacte\/","url":"https:\/\/cristinaecija.cat\/contacte\/","name":"Contacte &#8226; Cristina Ecija","isPartOf":{"@id":"https:\/\/cristinaecija.cat\/#website"},"datePublished":"2023-11-18T18:57:41+00:00","dateModified":"2023-11-21T08:18:40+00:00","description":"Pots contactar amb mi a trav\u00e9s del seg\u00fcent formulari i ben aviat em posar\u00e9 en contacte amb tu...","breadcrumb":{"@id":"https:\/\/cristinaecija.cat\/contacte\/#breadcrumb"},"inLanguage":"es","potentialAction":[{"@type":"ReadAction","target":["https:\/\/cristinaecija.cat\/contacte\/"]}]},{"@type":"BreadcrumbList","@id":"https:\/\/cristinaecija.cat\/contacte\/#breadcrumb","itemListElement":[{"@type":"ListItem","position":1,"name":"Inici","item":"https:\/\/cristinaecija.cat\/"},{"@type":"ListItem","position":2,"name":"Contacte"}]},{"@type":"WebSite","@id":"https:\/\/cristinaecija.cat\/#website","url":"https:\/\/cristinaecija.cat\/","name":"Cristina Ecija","description":"Disseny Web, SEO, SEO Local i Marketing Digital","publisher":{"@id":"https:\/\/cristinaecija.cat\/#\/schema\/person\/01caa4af01bef9cff3ffc568f275266d"},"potentialAction":[{"@type":"SearchAction","target":{"@type":"EntryPoint","urlTemplate":"https:\/\/cristinaecija.cat\/?s={search_term_string}"},"query-input":{"@type":"PropertyValueSpecification","valueRequired":true,"valueName":"search_term_string"}}],"inLanguage":"es"},{"@type":["Person","Organization"],"@id":"https:\/\/cristinaecija.cat\/#\/schema\/person\/01caa4af01bef9cff3ffc568f275266d","name":"Cristina Ecija","image":{"@type":"ImageObject","inLanguage":"es","@id":"https:\/\/cristinaecija.cat\/#\/schema\/person\/image\/","url":"https:\/\/cristinaecija.cat\/wp-content\/uploads\/2023\/06\/CRISTINA-ECIJA-LOGO-fondo-negro.png","contentUrl":"https:\/\/cristinaecija.cat\/wp-content\/uploads\/2023\/06\/CRISTINA-ECIJA-LOGO-fondo-negro.png","width":300,"height":150,"caption":"Cristina Ecija"},"logo":{"@id":"https:\/\/cristinaecija.cat\/#\/schema\/person\/image\/"},"sameAs":["https:\/\/cristinaecija.cat"]}]}},"_links":{"self":[{"href":"https:\/\/cristinaecija.cat\/es\/wp-json\/wp\/v2\/pages\/245","targetHints":{"allow":["GET"]}}],"collection":[{"href":"https:\/\/cristinaecija.cat\/es\/wp-json\/wp\/v2\/pages"}],"about":[{"href":"https:\/\/cristinaecija.cat\/es\/wp-json\/wp\/v2\/types\/page"}],"author":[{"embeddable":true,"href":"https:\/\/cristinaecija.cat\/es\/wp-json\/wp\/v2\/users\/1"}],"replies":[{"embeddable":true,"href":"https:\/\/cristinaecija.cat\/es\/wp-json\/wp\/v2\/comments?post=245"}],"version-history":[{"count":14,"href":"https:\/\/cristinaecija.cat\/es\/wp-json\/wp\/v2\/pages\/245\/revisions"}],"predecessor-version":[{"id":310,"href":"https:\/\/cristinaecija.cat\/es\/wp-json\/wp\/v2\/pages\/245\/revisions\/310"}],"wp:attachment":[{"href":"https:\/\/cristinaecija.cat\/es\/wp-json\/wp\/v2\/media?parent=245"}],"curies":[{"name":"wp","href":"https:\/\/api.w.org\/{rel}","templated":true}]}}